{"id":383,"date":"2019-04-19T05:27:39","date_gmt":"2019-04-19T05:27:39","guid":{"rendered":"http:\/\/demo.sparklewpthemes.com\/constructionlight\/?page_id=383"},"modified":"2025-05-02T19:19:47","modified_gmt":"2025-05-02T19:19:47","slug":"crane-service","status":"publish","type":"page","link":"https:\/\/arpetp.com.do\/?page_id=383","title":{"rendered":"Construcci\u00f3n de Naves Industriales"},"content":{"rendered":"\n<p>La construcci\u00f3n de naves industriales es un proceso especializado dentro de<br>la construcci\u00f3n que consiste en dise\u00f1ar, planificar y ejecutar edificaciones de<br>gran tama\u00f1o destinadas principalmente a actividades industriales, log\u00edsticas o de<br>almacenamiento. Estas naves suelen ser estructuras funcionales que priorizan la<br>resistencia, el espacio amplio, la optimizaci\u00f3n de procesos productivos y la<br>facilidad de mantenimiento.<br>El concepto abarca varios elementos claves:<\/p>\n\n\n\n<p>Normativas: La construcci\u00f3n debe cumplir con regulaciones locales de<br>seguridad industrial, resistencia al fuego, accesibilidad y medio ambiente.<\/p>\n\n\n\n<p>Estructura: Generalmente met\u00e1lica (acero) o de hormig\u00f3n prefabricado,<br>dise\u00f1ada para soportar grandes cargas y permitir amplios espacios libres<br>de columnas.<\/p>\n\n\n\n<p>Cimentaci\u00f3n: Muy robusta para sostener maquinaria pesada o<br>estanter\u00edas de gran tama\u00f1o.<\/p>\n\n\n\n<p>Cubierta y cerramientos: Normalmente se utilizan paneles met\u00e1licos,<br>l\u00e1minas termoac\u00fasticas o materiales ligeros para techos y paredes.<\/p>\n\n\n\n<p>Dise\u00f1o funcional: Incluye accesos grandes para veh\u00edculos, sistemas de<br>ventilaci\u00f3n, iluminaci\u00f3n natural, aislamiento t\u00e9rmico y, en algunos casos,<br>\u00e1reas de oficinas o servicios anexos.<\/p>\n\n\n\n<p><\/p>\n","protected":false},"excerpt":{"rendered":"<p>La construcci\u00f3n de naves industriales es un proceso especializado dentro dela construcci\u00f3n que consiste en dise\u00f1ar, planificar y ejecutar edificaciones degran tama\u00f1o destinadas principalmente a&hellip;<\/p>\n","protected":false},"author":2,"featured_media":1481,"parent":0,"menu_order":0,"comment_status":"closed","ping_status":"closed","template":"","meta":{"_themeisle_gutenberg_block_has_review":false,"footnotes":""},"class_list":["post-383","page","type-page","status-publish","has-post-thumbnail","hentry"],"_links":{"self":[{"href":"https:\/\/arpetp.com.do\/index.php?rest_route=\/wp\/v2\/pages\/383","targetHints":{"allow":["GET"]}}],"collection":[{"href":"https:\/\/arpetp.com.do\/index.php?rest_route=\/wp\/v2\/pages"}],"about":[{"href":"https:\/\/arpetp.com.do\/index.php?rest_route=\/wp\/v2\/types\/page"}],"author":[{"embeddable":true,"href":"https:\/\/arpetp.com.do\/index.php?rest_route=\/wp\/v2\/users\/2"}],"replies":[{"embeddable":true,"href":"https:\/\/arpetp.com.do\/index.php?rest_route=%2Fwp%2Fv2%2Fcomments&post=383"}],"version-history":[{"count":1,"href":"https:\/\/arpetp.com.do\/index.php?rest_route=\/wp\/v2\/pages\/383\/revisions"}],"predecessor-version":[{"id":1480,"href":"https:\/\/arpetp.com.do\/index.php?rest_route=\/wp\/v2\/pages\/383\/revisions\/1480"}],"wp:featuredmedia":[{"embeddable":true,"href":"https:\/\/arpetp.com.do\/index.php?rest_route=\/wp\/v2\/media\/1481"}],"wp:attachment":[{"href":"https:\/\/arpetp.com.do\/index.php?rest_route=%2Fwp%2Fv2%2Fmedia&parent=383"}],"curies":[{"name":"wp","href":"https:\/\/api.w.org\/{rel}","templated":true}]}}