{"id":185,"date":"2018-02-28T03:53:09","date_gmt":"2018-02-28T03:53:09","guid":{"rendered":"http:\/\/offshorethemes.com\/demo\/sparkconstruction\/?page_id=185"},"modified":"2025-05-04T17:03:52","modified_gmt":"2025-05-04T17:03:52","slug":"contact","status":"publish","type":"page","link":"https:\/\/arpetp.com.do\/?page_id=185","title":{"rendered":"Contact Us"},"content":{"rendered":"\n<div class=\"wp-block-group alignwide has-white-background-color has-background is-layout-constrained wp-container-core-group-is-layout-27db23f9 wp-block-group-is-layout-constrained\" style=\"padding-top:var(--wp--preset--spacing--80);padding-right:20px;padding-left:20px\">\n<div class=\"wp-block-group alignwide is-layout-flow wp-container-core-group-is-layout-9e40f159 wp-block-group-is-layout-flow\" style=\"padding-bottom:30px\">\n<div class=\"wp-block-group alignwide is-layout-flow wp-block-group-is-layout-flow\" style=\"padding-right:10%;padding-bottom:40px;padding-left:10%\">\n<div class=\"wp-block-group is-content-justification-center is-nowrap is-layout-flex wp-container-core-group-is-layout-eff0ac72 wp-block-group-is-layout-flex\">\n<div class=\"wp-block-group is-layout-flow wp-block-group-is-layout-flow\">\n<hr class=\"wp-block-separator has-text-color has-primary-color has-alpha-channel-opacity has-primary-background-color has-background\"\/>\n<\/div>\n\n\n\n<p class=\"has-text-align-left has-primary-color has-text-color has-medium-font-size\" style=\"letter-spacing:1px\"><p style=\"letter-spacing: 1px;\">Contact Info<\/p><\/p>\n\n\n\n<div class=\"wp-block-group is-layout-flow wp-block-group-is-layout-flow\">\n<hr class=\"wp-block-separator has-text-color has-primary-color has-alpha-channel-opacity has-primary-background-color has-background\"\/>\n<\/div>\n<\/div>\n\n\n\n<h2 class=\"wp-block-heading\" style=\"line-height:1.3\">Contactanos<\/h2>\n\n\n\n<p class=\"has-text-align-center has-medium-font-size\"><p>Estamos ansiosos por colaborar en tu pr\u00f3ximo proyecto de dise\u00f1o, construcci\u00f3n o infraestructura. Comparte tus necesidades y perm\u00edtenos mostrarte c\u00f3mo nuestra experiencia puede hacer la diferencia. \u00a1Cont\u00e1ctanos y empecemos a construir el futuro!<\/p><\/p>\n<\/div>\n<\/div>\n\n\n\n<div class=\"wp-block-group alignwide is-layout-flow wp-block-group-is-layout-flow\" style=\"padding-top:16px\">\n<div class=\"wp-block-group is-layout-flow wp-block-group-is-layout-flow\">\n<div class=\"wp-block-group alignwide is-layout-flow wp-block-group-is-layout-flow\">\n<div class=\"wp-block-columns is-layout-flex wp-container-core-columns-is-layout-28f84493 wp-block-columns-is-layout-flex\">\n<div class=\"wp-block-column is-layout-flow wp-block-column-is-layout-flow\">\n<div class=\"wp-block-group alignwide has-white-background-color has-background is-layout-constrained wp-container-core-group-is-layout-69de643f wp-block-group-is-layout-constrained\" style=\"border-radius:5px;padding-top:40px;padding-right:40px;padding-bottom:40px;padding-left:40px\">\n<div class=\"wp-block-group is-layout-flow wp-block-group-is-layout-flow\" style=\"padding-bottom:15px\">\n<figure class=\"wp-block-image aligncenter size-full has-custom-border\"><img decoding=\"async\" width=\"36\" height=\"32\" src=\"https:\/\/arpetp.com.do\/wp-content\/uploads\/2023\/01\/bubbles.png\" alt=\"\" class=\"wp-image-1175\" style=\"border-radius:0px\"\/><\/figure>\n<\/div>\n\n\n\n<h3 class=\"wp-block-heading has-text-align-center\" style=\"margin-top:10px;margin-right:10px;margin-bottom:10px;margin-left:10px\"><a href=\"#\">Contact Us<\/a><\/h3>\n\n\n\n<p class=\"has-text-align-center\"><p><a href=\"tel:8097074722\">809-707-4722<\/a><\/p><\/p>\n<\/div>\n<\/div>\n\n\n\n<div class=\"wp-block-column is-layout-flow wp-block-column-is-layout-flow\">\n<div class=\"wp-block-group alignwide has-white-background-color has-background is-layout-constrained wp-container-core-group-is-layout-69de643f wp-block-group-is-layout-constrained\" style=\"border-radius:5px;padding-top:40px;padding-right:40px;padding-bottom:40px;padding-left:40px\">\n<div class=\"wp-block-group is-layout-flow wp-block-group-is-layout-flow\" style=\"padding-bottom:15px\">\n<figure class=\"wp-block-image aligncenter size-full has-custom-border\"><img decoding=\"async\" width=\"36\" height=\"32\" src=\"https:\/\/arpetp.com.do\/wp-content\/uploads\/2023\/01\/bubbles.png\" alt=\"\" class=\"wp-image-1175\" style=\"border-radius:0px\"\/><\/figure>\n<\/div>\n\n\n\n<h3 class=\"wp-block-heading has-text-align-center\" style=\"margin-top:10px;margin-right:10px;margin-bottom:10px;margin-left:10px\"><a href=\"#\">Email Us<\/a><\/h3>\n\n\n\n<p class=\"has-text-align-center\"><p><a href=\"https:\/\/arpetp.com.do\/cotizaciones@arpetp.com.do\">cotizaciones@arpetp.com.do<\/a><\/p><\/p>\n<\/div>\n<\/div>\n\n\n\n<div class=\"wp-block-column is-layout-flow wp-block-column-is-layout-flow\">\n<div class=\"wp-block-group alignwide has-white-background-color has-background is-layout-constrained wp-container-core-group-is-layout-69de643f wp-block-group-is-layout-constrained\" style=\"border-radius:5px;padding-top:40px;padding-right:40px;padding-bottom:40px;padding-left:40px\">\n<div class=\"wp-block-group is-layout-flow wp-block-group-is-layout-flow\" style=\"padding-bottom:15px\">\n<figure class=\"wp-block-image aligncenter size-full has-custom-border\"><img decoding=\"async\" width=\"36\" height=\"32\" src=\"https:\/\/arpetp.com.do\/wp-content\/uploads\/2023\/01\/bubbles.png\" alt=\"\" class=\"wp-image-1175\" style=\"border-radius:0px\"\/><\/figure>\n<\/div>\n\n\n\n<h3 class=\"wp-block-heading has-text-align-center\" style=\"margin-top:10px;margin-right:10px;margin-bottom:10px;margin-left:10px\"><a href=\"#\">Address<\/a><\/h3>\n\n\n\n<p class=\"has-text-align-center\"><p>Sembrador V, Ciudad Juan Bosch<\/p><\/p>\n<\/div>\n<\/div>\n<\/div>\n<\/div>\n\n\n\n<p>&nbsp;<\/p>\n<\/div>\n<\/div>\n<\/div>\n\n\n\n<p>&nbsp;<\/p>\n\n\n<div class=\"wpforms-container wpforms-container-full wpforms-render-modern\" id=\"wpforms-1583\"><form id=\"wpforms-form-1583\" class=\"wpforms-validate wpforms-form wpforms-ajax-form\" data-formid=\"1583\" method=\"post\" enctype=\"multipart\/form-data\" action=\"\/index.php?rest_route=%2Fwp%2Fv2%2Fpages%2F185\" data-token=\"3f7a3e2f1871f0b55d3ddd606b7f34fe\" data-token-time=\"1776279762\"><noscript class=\"wpforms-error-noscript\">Please enable JavaScript in your browser to complete this form.<\/noscript><div class=\"wpforms-hidden\" id=\"wpforms-error-noscript\">Please enable JavaScript in your browser to complete this form.<\/div><div class=\"wpforms-field-container\"><div id=\"wpforms-1583-field_1-container\" class=\"wpforms-field wpforms-field-name\" data-field-id=\"1\"><label class=\"wpforms-field-label\" for=\"wpforms-1583-field_1\">Nombres y Apellidos <span class=\"wpforms-required-label\" aria-hidden=\"true\">*<\/span><\/label><input type=\"text\" id=\"wpforms-1583-field_1\" class=\"wpforms-field-medium wpforms-field-required\" name=\"wpforms[fields][1]\" aria-errormessage=\"wpforms-1583-field_1-error\" required><\/div><div id=\"wpforms-1583-field_2-container\" class=\"wpforms-field wpforms-field-email\" data-field-id=\"2\"><label class=\"wpforms-field-label\" for=\"wpforms-1583-field_2\">Correo <span class=\"wpforms-required-label\" aria-hidden=\"true\">*<\/span><\/label><input type=\"email\" id=\"wpforms-1583-field_2\" class=\"wpforms-field-medium wpforms-field-required\" name=\"wpforms[fields][2]\" spellcheck=\"false\" aria-errormessage=\"wpforms-1583-field_2-error\" required><\/div><div id=\"wpforms-1583-field_3-container\" class=\"wpforms-field wpforms-field-textarea\" data-field-id=\"3\"><label class=\"wpforms-field-label\" for=\"wpforms-1583-field_3\">Comunica tu mensaje y requerimientos<\/label><textarea id=\"wpforms-1583-field_3\" class=\"wpforms-field-medium\" name=\"wpforms[fields][3]\" aria-errormessage=\"wpforms-1583-field_3-error\" ><\/textarea><\/div><\/div><!-- .wpforms-field-container --><div class=\"wpforms-submit-container\" ><input type=\"hidden\" name=\"wpforms[id]\" value=\"1583\"><input type=\"hidden\" name=\"page_title\" value=\"\"><input type=\"hidden\" name=\"page_url\" value=\"https:\/\/arpetp.com.do\/index.php?rest_route=\/wp\/v2\/pages\/185\"><input type=\"hidden\" name=\"url_referer\" value=\"\"><button type=\"submit\" name=\"wpforms[submit]\" id=\"wpforms-submit-1583\" class=\"wpforms-submit\" data-alt-text=\"Sending...\" data-submit-text=\"Submit\" aria-live=\"assertive\" value=\"wpforms-submit\">Submit<\/button><img decoding=\"async\" src=\"https:\/\/arpetp.com.do\/wp-content\/plugins\/wpforms-lite\/assets\/images\/submit-spin.svg\" class=\"wpforms-submit-spinner\" style=\"display: none;\" width=\"26\" height=\"26\" alt=\"Loading\"><\/div><\/form><\/div>  <!-- .wpforms-container -->\n","protected":false},"excerpt":{"rendered":"<p>Contact Info Contactanos Estamos ansiosos por colaborar en tu pr\u00f3ximo proyecto de dise\u00f1o, construcci\u00f3n o infraestructura. Comparte tus necesidades y perm\u00edtenos mostrarte c\u00f3mo nuestra experiencia&hellip;<\/p>\n","protected":false},"author":2,"featured_media":0,"parent":0,"menu_order":0,"comment_status":"closed","ping_status":"closed","template":"template-pagebuilder.php","meta":{"_themeisle_gutenberg_block_has_review":false,"footnotes":""},"class_list":["post-185","page","type-page","status-publish","hentry"],"_links":{"self":[{"href":"https:\/\/arpetp.com.do\/index.php?rest_route=\/wp\/v2\/pages\/185","targetHints":{"allow":["GET"]}}],"collection":[{"href":"https:\/\/arpetp.com.do\/index.php?rest_route=\/wp\/v2\/pages"}],"about":[{"href":"https:\/\/arpetp.com.do\/index.php?rest_route=\/wp\/v2\/types\/page"}],"author":[{"embeddable":true,"href":"https:\/\/arpetp.com.do\/index.php?rest_route=\/wp\/v2\/users\/2"}],"replies":[{"embeddable":true,"href":"https:\/\/arpetp.com.do\/index.php?rest_route=%2Fwp%2Fv2%2Fcomments&post=185"}],"version-history":[{"count":9,"href":"https:\/\/arpetp.com.do\/index.php?rest_route=\/wp\/v2\/pages\/185\/revisions"}],"predecessor-version":[{"id":1588,"href":"https:\/\/arpetp.com.do\/index.php?rest_route=\/wp\/v2\/pages\/185\/revisions\/1588"}],"wp:attachment":[{"href":"https:\/\/arpetp.com.do\/index.php?rest_route=%2Fwp%2Fv2%2Fmedia&parent=185"}],"curies":[{"name":"wp","href":"https:\/\/api.w.org\/{rel}","templated":true}]}}