{"id":1640,"date":"2025-05-09T20:37:48","date_gmt":"2025-05-09T20:37:48","guid":{"rendered":"https:\/\/arpetp.com.do\/?page_id=1640"},"modified":"2025-05-15T18:24:19","modified_gmt":"2025-05-15T18:24:19","slug":"emag-industrial","status":"publish","type":"page","link":"https:\/\/arpetp.com.do\/?page_id=1640","title":{"rendered":"EMAG INDUSTRIAL"},"content":{"rendered":"\n<div id=\"wp-block-themeisle-blocks-advanced-columns-81f9f30f\" class=\"wp-block-themeisle-blocks-advanced-columns alignfull has-2-columns has-desktop-equal-layout has-tablet-equal-layout has-mobile-collapsedRows-layout has-vertical-center has-light-bg\"><div class=\"wp-block-themeisle-blocks-advanced-columns-overlay\"><\/div><div class=\"innerblocks-wrap\">\n<div id=\"wp-block-themeisle-blocks-advanced-column-d10a7c4b\" class=\"wp-block-themeisle-blocks-advanced-column has-light-bg\">\n<figure class=\"wp-block-image size-full\"><img fetchpriority=\"high\" decoding=\"async\" width=\"390\" height=\"177\" src=\"https:\/\/arpetp.com.do\/wp-content\/uploads\/2025\/05\/WhatsApp-Image-2025-05-09-at-2.29.30-PM.jpeg\" alt=\"\" class=\"wp-image-1642\" srcset=\"https:\/\/arpetp.com.do\/wp-content\/uploads\/2025\/05\/WhatsApp-Image-2025-05-09-at-2.29.30-PM.jpeg 390w, https:\/\/arpetp.com.do\/wp-content\/uploads\/2025\/05\/WhatsApp-Image-2025-05-09-at-2.29.30-PM-300x136.jpeg 300w\" sizes=\"(max-width: 390px) 100vw, 390px\" \/><\/figure>\n<\/div>\n\n\n\n<div id=\"wp-block-themeisle-blocks-advanced-column-f085e4fa\" class=\"wp-block-themeisle-blocks-advanced-column\">\n<h6 class=\"wp-block-heading has-text-color\" style=\"color:#ee3832\"><\/h6>\n\n\n\n<h2 class=\"wp-block-heading has-text-color\" style=\"color:#070731;font-size:50px\"><strong>Sobre nosotros<\/strong><\/h2>\n\n\n\n<p class=\"has-text-color has-link-color wp-elements-ce44db33ba281ae1fbc720d01fb1ed40\" style=\"color:#070731\"><strong>EMAG INDUSTRIAL, SRL,<\/strong> fue constituida el 6 de febrero de 2018, con el objetivo de proveer servicios especializados en el dise\u00f1o, fabricaci\u00f3n y montaje de estructuras met\u00e1licas, orientados a satisfacer los m\u00e1s altos est\u00e1ndares del sector industrial y de la construcci\u00f3n.<\/p>\n\n\n\n<div style=\"height:20px\" aria-hidden=\"true\" class=\"wp-block-spacer\"><\/div>\n\n\n\n<div class=\"wp-block-buttons is-layout-flex wp-block-buttons-is-layout-flex\"><\/div>\n<\/div>\n<\/div><\/div>\n\n\n\n<section id=\"wp-block-themeisle-blocks-advanced-columns-dab9e0bf\" class=\"wp-block-themeisle-blocks-advanced-columns alignfull has-1-columns has-desktop-equal-layout has-tablet-equal-layout has-mobile-equal-layout has-vertical-flex-start\"><div class=\"wp-block-themeisle-blocks-advanced-columns-overlay\"><\/div><div class=\"innerblocks-wrap\">\n<div id=\"wp-block-themeisle-blocks-advanced-column-9df22226\" class=\"wp-block-themeisle-blocks-advanced-column\">\n<section id=\"wp-block-themeisle-blocks-advanced-columns-25c95699\" class=\"wp-block-themeisle-blocks-advanced-columns has-1-columns has-desktop-equal-layout has-tablet-equal-layout has-mobile-equal-layout has-vertical-flex-start\"><div class=\"wp-block-themeisle-blocks-advanced-columns-overlay\"><\/div><div class=\"innerblocks-wrap\">\n<div id=\"wp-block-themeisle-blocks-advanced-column-d4d9a4f8\" class=\"wp-block-themeisle-blocks-advanced-column\">\n<h6 class=\"wp-block-heading has-text-color\" style=\"color:#ee3832\"><\/h6>\n\n\n\n<h2 class=\"wp-block-heading has-text-align-left has-text-color\" style=\"color:#ffffff;font-size:50px\">Los mejores servicios<\/h2>\n\n\n\n<p class=\"has-text-color\" style=\"color:#ffffff\">Fundamentados en una s\u00f3lida trayectoria y un firme compromiso con la excelencia, garantizamos la ejecuci\u00f3n impecable de cada proyecto, asegurando la perdurabilidad, funcionalidad \u00f3ptima y una est\u00e9tica refinada en todas nuestras intervenciones. Le invitamos a depositar su confianza en nuestra probada profesionalidad para obtener soluciones personalizadas que no solo cumplir\u00e1n, sino que exceder\u00e1n sus expectativas.<\/p>\n\n\n\n<div style=\"height:20px\" aria-hidden=\"true\" class=\"wp-block-spacer\"><\/div>\n<\/div>\n<\/div><\/section>\n\n\n\n<section id=\"wp-block-themeisle-blocks-advanced-columns-b56443a0\" class=\"wp-block-themeisle-blocks-advanced-columns has-3-columns has-desktop-equal-layout has-tablet-equal-layout has-mobile-collapsedRows-layout has-vertical-unset has-wide-gap has-vertical-undefined\"><div class=\"wp-block-themeisle-blocks-advanced-columns-overlay\"><\/div><div class=\"innerblocks-wrap\">\n<div id=\"wp-block-themeisle-blocks-advanced-column-1bb9ffb4\" class=\"wp-block-themeisle-blocks-advanced-column has-light-bg\">\n<div id=\"wp-block-themeisle-blocks-font-awesome-icons-bfe41fd9\" class=\"wp-block-themeisle-blocks-font-awesome-icons\"><span class=\"wp-block-themeisle-blocks-font-awesome-icons-container\"><a href=\"https:\/\/demosites.io\/industrial-gb\/service-details\/\" target=\"_self\" rel=\"noopener noreferrer\"><i class=\"fas fa-ship\"><\/i><\/a><\/span><\/div>\n\n\n\n<h3 class=\"wp-block-heading link-black has-text-color\" style=\"color:#070731;margin-top:0px\">CONSTRUCCIONES DE EDIFICACIONES Y NAVES INDUSTRIALES<\/h3>\n\n\n\n<p class=\"has-text-color has-link-color wp-elements-d2e94727e1057bba5942d2751ee7afb8\" style=\"color:#070731\">Ejecuci\u00f3n integral de proyectos de construcci\u00f3n de edificaciones residenciales, comerciales e industriales, incluyendo la planificaci\u00f3n, gesti\u00f3n y edificaci\u00f3n de estructuras funcionales y duraderas.<\/p>\n<\/div>\n\n\n\n<div id=\"wp-block-themeisle-blocks-advanced-column-e0a218d6\" class=\"wp-block-themeisle-blocks-advanced-column has-light-bg\">\n<div id=\"wp-block-themeisle-blocks-font-awesome-icons-205803dc\" class=\"wp-block-themeisle-blocks-font-awesome-icons\"><span class=\"wp-block-themeisle-blocks-font-awesome-icons-container\"><a href=\"https:\/\/demosites.io\/industrial-gb\/service-details\/\" target=\"_self\" rel=\"noopener noreferrer\"><i class=\"fas fa-hard-hat\"><\/i><\/a><\/span><\/div>\n\n\n\n<h3 class=\"wp-block-heading link-black has-text-color has-link-color wp-elements-607836c62069c3db2772f3ad0b5d64c3\" style=\"color:#070731;margin-top:0px\">HERRER\u00cdA EN GENERAL<\/h3>\n\n\n\n<p class=\"has-text-color has-link-color wp-elements-2a4aaa165f3172dbe7b27edeb60ad7cb\" style=\"color:#070731\">Fabricaci\u00f3n y montaje de elementos constructivos y decorativos en hierro forjado y otros metales, tales como puertas, rejas, portones y estructuras met\u00e1licas personalizadas, con acabados de alta calidad.<\/p>\n<\/div>\n\n\n\n<div id=\"wp-block-themeisle-blocks-advanced-column-0d3b88e5\" class=\"wp-block-themeisle-blocks-advanced-column has-light-bg\">\n<div id=\"wp-block-themeisle-blocks-font-awesome-icons-7fbdf200\" class=\"wp-block-themeisle-blocks-font-awesome-icons\"><span class=\"wp-block-themeisle-blocks-font-awesome-icons-container\"><a href=\"https:\/\/demosites.io\/industrial-gb\/service-details\/\" target=\"_self\" rel=\"noopener noreferrer\"><i class=\"fas fa-tools\"><\/i><\/a><\/span><\/div>\n\n\n\n<h3 class=\"wp-block-heading link-black has-text-color has-link-color wp-elements-68d332e32b1265d9cc2a4e08f3801e38\" style=\"color:#070731;margin-top:0px\">SHUTTERS, TOLDOS Y CORTINAS ENROLLABLES<\/h3>\n\n\n\n<p class=\"has-text-color has-link-color wp-elements-63a08fd2b8d81dd705e47b171ff3fc5f\" style=\"color:#070731\">Provisi\u00f3n e instalaci\u00f3n de sistemas de protecci\u00f3n solar y control de luz, incluyendo persianas enrollables de seguridad, toldos retr\u00e1ctiles y cortinas enrollables para ventanas y puertas, con opciones de motorizaci\u00f3n y automatizaci\u00f3n.<\/p>\n<\/div>\n<\/div><\/section>\n\n\n\n<section id=\"wp-block-themeisle-blocks-advanced-columns-2155ed89\" class=\"wp-block-themeisle-blocks-advanced-columns has-1-columns has-desktop-equal-layout has-tablet-equal-layout has-mobile-equal-layout has-vertical-flex-start\"><div class=\"wp-block-themeisle-blocks-advanced-columns-overlay\"><\/div><div class=\"innerblocks-wrap\">\n<div id=\"wp-block-themeisle-blocks-advanced-column-ec9caa5d\" class=\"wp-block-themeisle-blocks-advanced-column\"><\/div>\n<\/div><\/section>\n<\/div>\n<\/div><\/section>\n\n\n\n<div id=\"wp-block-themeisle-blocks-advanced-columns-f13c858f\" class=\"wp-block-themeisle-blocks-advanced-columns alignfull has-2-columns has-desktop-equal-layout has-tablet-equal-layout has-mobile-collapsedRows-layout has-vertical-center has-light-bg\"><div class=\"wp-block-themeisle-blocks-advanced-columns-overlay\"><\/div><div class=\"innerblocks-wrap\">\n<div id=\"wp-block-themeisle-blocks-advanced-column-f3ea1061\" class=\"wp-block-themeisle-blocks-advanced-column\">\n<h6 class=\"wp-block-heading has-text-color\" style=\"color:#ee3832\"><\/h6>\n\n\n\n<h2 class=\"wp-block-heading has-text-color\" style=\"color:#070731;font-size:50px\"><strong>Nuestra filosofia<\/strong><\/h2>\n\n\n\n<p class=\"has-text-color has-link-color wp-elements-2e330bc64e57e396bdcfa9fab865ac77\" style=\"color:#070731\">En nuestra empresa, creemos que las grandes construcciones comienzan con cimientos s\u00f3lidos y estructuras confiables. Por eso, nuestra filosof\u00eda se basa en tres pilares fundamentales:<\/p>\n\n\n\n<div class=\"wp-block-buttons is-layout-flex wp-block-buttons-is-layout-flex\"><\/div>\n<\/div>\n\n\n\n<div id=\"wp-block-themeisle-blocks-advanced-column-87697e3c\" class=\"wp-block-themeisle-blocks-advanced-column\">\n<figure class=\"wp-block-image size-large\"><img decoding=\"async\" width=\"768\" height=\"1024\" src=\"https:\/\/arpetp.com.do\/wp-content\/uploads\/2025\/05\/WhatsApp-Image-2025-05-12-at-8.24.57-AM-768x1024.jpeg\" alt=\"\" class=\"wp-image-1649\" srcset=\"https:\/\/arpetp.com.do\/wp-content\/uploads\/2025\/05\/WhatsApp-Image-2025-05-12-at-8.24.57-AM-768x1024.jpeg 768w, https:\/\/arpetp.com.do\/wp-content\/uploads\/2025\/05\/WhatsApp-Image-2025-05-12-at-8.24.57-AM-225x300.jpeg 225w, https:\/\/arpetp.com.do\/wp-content\/uploads\/2025\/05\/WhatsApp-Image-2025-05-12-at-8.24.57-AM-1152x1536.jpeg 1152w, https:\/\/arpetp.com.do\/wp-content\/uploads\/2025\/05\/WhatsApp-Image-2025-05-12-at-8.24.57-AM.jpeg 1200w\" sizes=\"(max-width: 768px) 100vw, 768px\" \/><\/figure>\n<\/div>\n<\/div><\/div>\n\n\n\n<div id=\"wp-block-themeisle-blocks-advanced-columns-0756495c\" class=\"wp-block-themeisle-blocks-advanced-columns alignfull has-3-columns has-desktop-equal-layout has-tablet-equal-layout has-mobile-collapsedRows-layout has-vertical-unset has-light-bg\"><div class=\"wp-block-themeisle-blocks-advanced-columns-overlay\"><\/div><div class=\"innerblocks-wrap\">\n<div id=\"wp-block-themeisle-blocks-advanced-column-6e902b2a\" class=\"wp-block-themeisle-blocks-advanced-column has-light-bg\">\n<figure class=\"wp-block-image size-full has-custom-border\"><img decoding=\"async\" width=\"512\" height=\"512\" src=\"https:\/\/arpetp.com.do\/wp-content\/uploads\/2025\/05\/310831.png\" alt=\"\" class=\"wp-image-1645\" style=\"border-style:none;border-width:0px;border-radius:0px\" srcset=\"https:\/\/arpetp.com.do\/wp-content\/uploads\/2025\/05\/310831.png 512w, https:\/\/arpetp.com.do\/wp-content\/uploads\/2025\/05\/310831-300x300.png 300w, https:\/\/arpetp.com.do\/wp-content\/uploads\/2025\/05\/310831-150x150.png 150w, https:\/\/arpetp.com.do\/wp-content\/uploads\/2025\/05\/310831-475x475.png 475w\" sizes=\"(max-width: 512px) 100vw, 512px\" \/><\/figure>\n\n\n\n<div id=\"wp-block-themeisle-blocks-advanced-columns-e37edc14\" class=\"wp-block-themeisle-blocks-advanced-columns has-1-columns has-desktop-equal-layout has-tablet-equal-layout has-mobile-equal-layout has-vertical-unset\"><div class=\"wp-block-themeisle-blocks-advanced-columns-overlay\"><\/div><div class=\"innerblocks-wrap\">\n<div id=\"wp-block-themeisle-blocks-advanced-column-7030cb7b\" class=\"wp-block-themeisle-blocks-advanced-column\">\n<h4 class=\"wp-block-heading has-text-color has-link-color wp-elements-5507aea0a707995cb81edec020952cb0\" style=\"color:#070731\"><strong>Calidad sin compromisos<\/strong><\/h4>\n\n\n\n<p class=\"has-text-color has-link-color wp-elements-641a22b5a5d981578e342f41e05d89fb\" style=\"color:#070731\">Nos comprometemos a fabricar e instalar estructuras met\u00e1licas con los m\u00e1s altos est\u00e1ndares de calidad, utilizando materiales certificados, tecnolog\u00eda avanzada y mano de obra calificada para garantizar durabilidad, precisi\u00f3n y seguridad en cada proyecto.<\/p>\n<\/div>\n<\/div><\/div>\n<\/div>\n\n\n\n<div id=\"wp-block-themeisle-blocks-advanced-column-33e99253\" class=\"wp-block-themeisle-blocks-advanced-column has-light-bg\">\n<figure class=\"wp-block-image size-full has-custom-border\"><img loading=\"lazy\" decoding=\"async\" width=\"512\" height=\"512\" src=\"https:\/\/arpetp.com.do\/wp-content\/uploads\/2025\/05\/912278.png\" alt=\"\" class=\"wp-image-1646\" style=\"border-style:none;border-width:0px;border-radius:0px\" srcset=\"https:\/\/arpetp.com.do\/wp-content\/uploads\/2025\/05\/912278.png 512w, https:\/\/arpetp.com.do\/wp-content\/uploads\/2025\/05\/912278-300x300.png 300w, https:\/\/arpetp.com.do\/wp-content\/uploads\/2025\/05\/912278-150x150.png 150w, https:\/\/arpetp.com.do\/wp-content\/uploads\/2025\/05\/912278-475x475.png 475w\" sizes=\"(max-width: 512px) 100vw, 512px\" \/><\/figure>\n\n\n\n<div id=\"wp-block-themeisle-blocks-advanced-columns-ada2687f\" class=\"wp-block-themeisle-blocks-advanced-columns has-1-columns has-desktop-equal-layout has-tablet-equal-layout has-mobile-equal-layout has-vertical-unset\"><div class=\"wp-block-themeisle-blocks-advanced-columns-overlay\"><\/div><div class=\"innerblocks-wrap\">\n<div id=\"wp-block-themeisle-blocks-advanced-column-00013bfb\" class=\"wp-block-themeisle-blocks-advanced-column\">\n<h4 class=\"wp-block-heading has-text-color has-link-color wp-elements-35e8cb16050c34f5441d6f409dc161c5\" style=\"color:#070731\"><strong>Innovaci\u00f3n constante<\/strong><\/h4>\n\n\n\n<p class=\"has-text-color has-link-color wp-elements-ba12da1b739119a2386714051ccfa6fa\" style=\"color:#070731\">Entendemos que el sector de la construcci\u00f3n evoluciona r\u00e1pidamente. Por eso, apostamos por la mejora continua, la capacitaci\u00f3n t\u00e9cnica de nuestro equipo y la implementaci\u00f3n de soluciones innovadoras que optimicen tiempos, costos y sostenibilidad.<\/p>\n<\/div>\n<\/div><\/div>\n<\/div>\n\n\n\n<div id=\"wp-block-themeisle-blocks-advanced-column-2b312319\" class=\"wp-block-themeisle-blocks-advanced-column has-light-bg\">\n<figure class=\"wp-block-image size-full has-custom-border\"><img loading=\"lazy\" decoding=\"async\" width=\"512\" height=\"512\" src=\"https:\/\/arpetp.com.do\/wp-content\/uploads\/2025\/05\/2726565.png\" alt=\"\" class=\"wp-image-1647\" style=\"border-style:none;border-width:0px;border-radius:0px\" srcset=\"https:\/\/arpetp.com.do\/wp-content\/uploads\/2025\/05\/2726565.png 512w, https:\/\/arpetp.com.do\/wp-content\/uploads\/2025\/05\/2726565-300x300.png 300w, https:\/\/arpetp.com.do\/wp-content\/uploads\/2025\/05\/2726565-150x150.png 150w, https:\/\/arpetp.com.do\/wp-content\/uploads\/2025\/05\/2726565-475x475.png 475w\" sizes=\"(max-width: 512px) 100vw, 512px\" \/><\/figure>\n\n\n\n<div id=\"wp-block-themeisle-blocks-advanced-columns-b27500bd\" class=\"wp-block-themeisle-blocks-advanced-columns has-1-columns has-desktop-equal-layout has-tablet-equal-layout has-mobile-equal-layout has-vertical-unset\"><div class=\"wp-block-themeisle-blocks-advanced-columns-overlay\"><\/div><div class=\"innerblocks-wrap\">\n<div id=\"wp-block-themeisle-blocks-advanced-column-e648a713\" class=\"wp-block-themeisle-blocks-advanced-column\">\n<h4 class=\"wp-block-heading has-text-color has-link-color wp-elements-8d2624ed2032a9a90ae43d81f93e6d27\" style=\"color:#070731\"><strong>Responsabilidad y confianza<\/strong><\/h4>\n\n\n\n<p class=\"has-text-color has-link-color wp-elements-c4dc2adfa265386264c0ccbdd32094e2\" style=\"color:#070731\">Construimos relaciones s\u00f3lidas con nuestros clientes, proveedores y colaboradores basadas en la honestidad, el cumplimiento y el respeto. Cada estructura que levantamos es reflejo de nuestro compromiso con la confianza depositada en nosotros.<\/p>\n<\/div>\n<\/div><\/div>\n<\/div>\n<\/div><\/div>\n\n\n\n<div id=\"wp-block-themeisle-blocks-advanced-columns-caaa2c1e\" class=\"wp-block-themeisle-blocks-advanced-columns alignfull has-2-columns has-desktop-equal-layout has-tablet-collapsedRows-layout has-mobile-collapsedRows-layout has-vertical-center\"><div class=\"wp-block-themeisle-blocks-advanced-columns-overlay\"><\/div><div class=\"innerblocks-wrap\">\n<div id=\"wp-block-themeisle-blocks-advanced-column-265aa0ff\" class=\"wp-block-themeisle-blocks-advanced-column\">\n<figure class=\"wp-block-image size-large\"><img loading=\"lazy\" decoding=\"async\" width=\"1024\" height=\"768\" src=\"https:\/\/arpetp.com.do\/wp-content\/uploads\/2025\/05\/WhatsApp-Image-2025-05-12-at-8.24.56-AM-1024x768.jpeg\" alt=\"\" class=\"wp-image-1650\" srcset=\"https:\/\/arpetp.com.do\/wp-content\/uploads\/2025\/05\/WhatsApp-Image-2025-05-12-at-8.24.56-AM-1024x768.jpeg 1024w, https:\/\/arpetp.com.do\/wp-content\/uploads\/2025\/05\/WhatsApp-Image-2025-05-12-at-8.24.56-AM-300x225.jpeg 300w, https:\/\/arpetp.com.do\/wp-content\/uploads\/2025\/05\/WhatsApp-Image-2025-05-12-at-8.24.56-AM-768x576.jpeg 768w, https:\/\/arpetp.com.do\/wp-content\/uploads\/2025\/05\/WhatsApp-Image-2025-05-12-at-8.24.56-AM-1536x1152.jpeg 1536w, https:\/\/arpetp.com.do\/wp-content\/uploads\/2025\/05\/WhatsApp-Image-2025-05-12-at-8.24.56-AM.jpeg 1600w\" sizes=\"(max-width: 1024px) 100vw, 1024px\" \/><\/figure>\n<\/div>\n\n\n\n<div id=\"wp-block-themeisle-blocks-advanced-column-80515911\" class=\"wp-block-themeisle-blocks-advanced-column\">\n<h2 class=\"wp-block-heading has-text-color has-link-color wp-elements-538a9ceec75919cfa4e00ec0f844ac60\" style=\"color:#070731;font-size:50px\"><strong>Cont\u00e1ctanos <\/strong><\/h2>\n\n\n\n<p class=\"has-text-color has-link-color wp-elements-325752bf9d9d11d61d87e945f96d4bd8\" style=\"color:#070731\">Agradecemos su inter\u00e9s en ponerse en contacto con nosotros.<\/p>\n\n\n\n<p>Puede encontrarnos en las siguientes direcciones o comunicarse con nosotros v\u00eda telef\u00f3nica. Su comunicaci\u00f3n es importante para nosotros.<\/p>\n\n\n\n<div style=\"height:20px\" aria-hidden=\"true\" class=\"wp-block-spacer\"><\/div>\n\n\n\n<div id=\"wp-block-themeisle-blocks-advanced-columns-d9b7fe82\" class=\"wp-block-themeisle-blocks-advanced-columns has-2-columns has-desktop-equal-layout has-tablet-equal-layout has-mobile-equal-layout has-vertical-unset\"><div class=\"wp-block-themeisle-blocks-advanced-columns-overlay\"><\/div><div class=\"innerblocks-wrap\">\n<div id=\"wp-block-themeisle-blocks-advanced-column-d6ec9427\" class=\"wp-block-themeisle-blocks-advanced-column\">\n<div id=\"wp-block-themeisle-blocks-advanced-columns-68318518\" class=\"wp-block-themeisle-blocks-advanced-columns has-2-columns has-desktop-oneTwo-layout has-tablet-equal-layout has-mobile-collapsedRows-layout has-vertical-center\"><div class=\"wp-block-themeisle-blocks-advanced-columns-overlay\"><\/div><div class=\"innerblocks-wrap\">\n<div id=\"wp-block-themeisle-blocks-advanced-column-6198e31a\" class=\"wp-block-themeisle-blocks-advanced-column\">\n<div class=\"wp-block-group is-layout-constrained wp-block-group-is-layout-constrained\">\n<div class=\"wp-block-group is-layout-constrained wp-block-group-is-layout-constrained\">\n<div id=\"wp-block-themeisle-blocks-font-awesome-icons-120f9f66\" class=\"wp-block-themeisle-blocks-font-awesome-icons\"><span class=\"wp-block-themeisle-blocks-font-awesome-icons-container\"><i class=\"fab fa-whatsapp\"><\/i><\/span><\/div>\n<\/div>\n<\/div>\n<\/div>\n\n\n\n<div id=\"wp-block-themeisle-blocks-advanced-column-e7674129\" class=\"wp-block-themeisle-blocks-advanced-column\">\n<h6 id=\"wp-block-themeisle-blocks-advanced-heading-c5e09a40\" class=\"wp-block-themeisle-blocks-advanced-heading wp-block-themeisle-blocks-advanced-heading-c5e09a40\">809-707-4722<\/h6>\n<\/div>\n<\/div><\/div>\n\n\n\n<div id=\"wp-block-themeisle-blocks-advanced-columns-15f5c99b\" class=\"wp-block-themeisle-blocks-advanced-columns has-2-columns has-desktop-oneTwo-layout has-tablet-equal-layout has-mobile-collapsedRows-layout has-vertical-center\"><div class=\"wp-block-themeisle-blocks-advanced-columns-overlay\"><\/div><div class=\"innerblocks-wrap\">\n<div id=\"wp-block-themeisle-blocks-advanced-column-84971961\" class=\"wp-block-themeisle-blocks-advanced-column\">\n<div id=\"wp-block-themeisle-blocks-font-awesome-icons-344b94e1\" class=\"wp-block-themeisle-blocks-font-awesome-icons\"><span class=\"wp-block-themeisle-blocks-font-awesome-icons-container\"><i class=\"fab fa-whatsapp\"><\/i><\/span><\/div>\n<\/div>\n\n\n\n<div id=\"wp-block-themeisle-blocks-advanced-column-860d0dab\" class=\"wp-block-themeisle-blocks-advanced-column\">\n<h6 id=\"wp-block-themeisle-blocks-advanced-heading-96e7b4c1\" class=\"wp-block-themeisle-blocks-advanced-heading wp-block-themeisle-blocks-advanced-heading-96e7b4c1\">829-644-0698<\/h6>\n<\/div>\n<\/div><\/div>\n<\/div>\n\n\n\n<div id=\"wp-block-themeisle-blocks-advanced-column-d29bf175\" class=\"wp-block-themeisle-blocks-advanced-column\">\n<div id=\"wp-block-themeisle-blocks-advanced-columns-b313b75d\" class=\"wp-block-themeisle-blocks-advanced-columns has-2-columns has-desktop-oneTwo-layout has-tablet-equal-layout has-mobile-collapsedRows-layout has-vertical-center\"><div class=\"wp-block-themeisle-blocks-advanced-columns-overlay\"><\/div><div class=\"innerblocks-wrap\">\n<div id=\"wp-block-themeisle-blocks-advanced-column-9de2569c\" class=\"wp-block-themeisle-blocks-advanced-column\">\n<div id=\"wp-block-themeisle-blocks-font-awesome-icons-a7b5fcc5\" class=\"wp-block-themeisle-blocks-font-awesome-icons\"><span class=\"wp-block-themeisle-blocks-font-awesome-icons-container\"><i class=\"fab fa-google\"><\/i><\/span><\/div>\n<\/div>\n\n\n\n<div id=\"wp-block-themeisle-blocks-advanced-column-e7ff7272\" class=\"wp-block-themeisle-blocks-advanced-column\">\n<h5 id=\"wp-block-themeisle-blocks-advanced-heading-62f855e5\" class=\"wp-block-themeisle-blocks-advanced-heading wp-block-themeisle-blocks-advanced-heading-62f855e5\"><a href=\"mailto:ingperalta08@gmail.com\">ingperalta08@gmail.com<\/a><\/h5>\n<\/div>\n<\/div><\/div>\n\n\n\n<div id=\"wp-block-themeisle-blocks-advanced-columns-def10771\" class=\"wp-block-themeisle-blocks-advanced-columns has-1-columns has-desktop-equal-layout has-tablet-equal-layout has-mobile-equal-layout has-vertical-center\"><div class=\"wp-block-themeisle-blocks-advanced-columns-overlay\"><\/div><div class=\"innerblocks-wrap\">\n<div id=\"wp-block-themeisle-blocks-advanced-column-14d061e5\" class=\"wp-block-themeisle-blocks-advanced-column\"><\/div>\n<\/div><\/div>\n<\/div>\n<\/div><\/div>\n<\/div>\n<\/div><\/div>\n\n\n\n<div id=\"wp-block-themeisle-blocks-advanced-columns-ac73c19c\" class=\"wp-block-themeisle-blocks-advanced-columns alignfull has-1-columns has-desktop-equal-layout has-tablet-equal-layout has-mobile-equal-layout has-vertical-unset\"><div class=\"wp-block-themeisle-blocks-advanced-columns-overlay\"><\/div><div class=\"innerblocks-wrap\">\n<div id=\"wp-block-themeisle-blocks-advanced-column-4ca65bcb\" class=\"wp-block-themeisle-blocks-advanced-column\">\n<div style=\"height:20px\" aria-hidden=\"true\" class=\"wp-block-spacer\"><\/div>\n\n\n\n<h2 class=\"wp-block-heading has-text-color has-link-color wp-elements-d5bd7b7d2a683d1548ab15b2b569dc79\" style=\"color:#070731\"><strong>Conoce nuestros proyec<\/strong>tos<\/h2>\n\n\n\n<p><strong><a href=\"https:\/\/arpetp.com.do\/?page_id=1657\">PROYECTOS EJECUTADOS<\/a><\/strong><\/p>\n<\/div>\n<\/div><\/div>\n\n\n\n<div id=\"wp-block-themeisle-blocks-advanced-columns-c18cd33d\" class=\"wp-block-themeisle-blocks-advanced-columns alignfull has-1-columns has-desktop-equal-layout has-tablet-equal-layout has-mobile-equal-layout has-vertical-unset\"><div class=\"wp-block-themeisle-blocks-advanced-columns-overlay\"><\/div><div class=\"innerblocks-wrap\">\n<div id=\"wp-block-themeisle-blocks-advanced-column-6737efe4\" class=\"wp-block-themeisle-blocks-advanced-column\"><\/div>\n<\/div><\/div>\n\n\n\n<p><\/p>\n","protected":false},"excerpt":{"rendered":"","protected":false},"author":2,"featured_media":0,"parent":0,"menu_order":0,"comment_status":"closed","ping_status":"closed","template":"","meta":{"_themeisle_gutenberg_block_has_review":false,"footnotes":""},"class_list":["post-1640","page","type-page","status-publish","hentry"],"_links":{"self":[{"href":"https:\/\/arpetp.com.do\/index.php?rest_route=\/wp\/v2\/pages\/1640","targetHints":{"allow":["GET"]}}],"collection":[{"href":"https:\/\/arpetp.com.do\/index.php?rest_route=\/wp\/v2\/pages"}],"about":[{"href":"https:\/\/arpetp.com.do\/index.php?rest_route=\/wp\/v2\/types\/page"}],"author":[{"embeddable":true,"href":"https:\/\/arpetp.com.do\/index.php?rest_route=\/wp\/v2\/users\/2"}],"replies":[{"embeddable":true,"href":"https:\/\/arpetp.com.do\/index.php?rest_route=%2Fwp%2Fv2%2Fcomments&post=1640"}],"version-history":[{"count":8,"href":"https:\/\/arpetp.com.do\/index.php?rest_route=\/wp\/v2\/pages\/1640\/revisions"}],"predecessor-version":[{"id":1744,"href":"https:\/\/arpetp.com.do\/index.php?rest_route=\/wp\/v2\/pages\/1640\/revisions\/1744"}],"wp:attachment":[{"href":"https:\/\/arpetp.com.do\/index.php?rest_route=%2Fwp%2Fv2%2Fmedia&parent=1640"}],"curies":[{"name":"wp","href":"https:\/\/api.w.org\/{rel}","templated":true}]}}