{"id":1549,"date":"2025-05-04T04:17:24","date_gmt":"2025-05-04T04:17:24","guid":{"rendered":"https:\/\/arpetp.com.do\/?page_id=1549"},"modified":"2025-05-04T04:20:47","modified_gmt":"2025-05-04T04:20:47","slug":"sistemas-de-louvers-y-madera-sintetica","status":"publish","type":"page","link":"https:\/\/arpetp.com.do\/?page_id=1549","title":{"rendered":"Sistemas de Louvers y Madera Sint\u00e9tica"},"content":{"rendered":"\n<p><strong>Sistemas de Louvers<\/strong><br>Los sistemas de louvers (o persianas de lamas) son estructuras que se utilizan<br>principalmente para regular el paso de aire y luz en un espacio, a la vez que<br>proporcionan privacidad o protecci\u00f3n contra la intemperie. Estos sistemas est\u00e1n<br>formados por una serie de lamas horizontales o verticales que pueden ajustarse<br>para controlar la cantidad de luz solar, ventilaci\u00f3n o visibilidad en un espacio<br>determinado. Los louvers son comunes en fachadas de edificios, ventanas, y<br>otras instalaciones de ventilaci\u00f3n.<\/p>\n\n\n\n<p><strong>Madera Sint\u00e9tica<\/strong><br>La madera sint\u00e9tica es un material creado para imitar la apariencia y textura de<br>la madera natural, pero con ventajas adicionales en t\u00e9rminos de durabilidad,<br>resistencia y mantenimiento. Se compone generalmente de fibras de madera o<br>polvo de madera mezcladas con pol\u00edmeros pl\u00e1sticos u otros aditivos. Esto da<br>como resultado un material que es m\u00e1s resistente a la humedad, insectos,<br>hongos y otros factores que afectan a la madera natural.<\/p>\n","protected":false},"excerpt":{"rendered":"<p>Sistemas de LouversLos sistemas de louvers (o persianas de lamas) son estructuras que se utilizanprincipalmente para regular el paso de aire y luz en un&hellip;<\/p>\n","protected":false},"author":2,"featured_media":1552,"parent":0,"menu_order":0,"comment_status":"closed","ping_status":"closed","template":"","meta":{"_themeisle_gutenberg_block_has_review":false,"footnotes":""},"class_list":["post-1549","page","type-page","status-publish","has-post-thumbnail","hentry"],"_links":{"self":[{"href":"https:\/\/arpetp.com.do\/index.php?rest_route=\/wp\/v2\/pages\/1549","targetHints":{"allow":["GET"]}}],"collection":[{"href":"https:\/\/arpetp.com.do\/index.php?rest_route=\/wp\/v2\/pages"}],"about":[{"href":"https:\/\/arpetp.com.do\/index.php?rest_route=\/wp\/v2\/types\/page"}],"author":[{"embeddable":true,"href":"https:\/\/arpetp.com.do\/index.php?rest_route=\/wp\/v2\/users\/2"}],"replies":[{"embeddable":true,"href":"https:\/\/arpetp.com.do\/index.php?rest_route=%2Fwp%2Fv2%2Fcomments&post=1549"}],"version-history":[{"count":2,"href":"https:\/\/arpetp.com.do\/index.php?rest_route=\/wp\/v2\/pages\/1549\/revisions"}],"predecessor-version":[{"id":1553,"href":"https:\/\/arpetp.com.do\/index.php?rest_route=\/wp\/v2\/pages\/1549\/revisions\/1553"}],"wp:featuredmedia":[{"embeddable":true,"href":"https:\/\/arpetp.com.do\/index.php?rest_route=\/wp\/v2\/media\/1552"}],"wp:attachment":[{"href":"https:\/\/arpetp.com.do\/index.php?rest_route=%2Fwp%2Fv2%2Fmedia&parent=1549"}],"curies":[{"name":"wp","href":"https:\/\/api.w.org\/{rel}","templated":true}]}}