{"id":1544,"date":"2025-05-04T04:15:27","date_gmt":"2025-05-04T04:15:27","guid":{"rendered":"https:\/\/arpetp.com.do\/?page_id=1544"},"modified":"2025-05-04T04:17:06","modified_gmt":"2025-05-04T04:17:06","slug":"brillado-pulido-y-tratamiento-de-pisos","status":"publish","type":"page","link":"https:\/\/arpetp.com.do\/?page_id=1544","title":{"rendered":"Brillado, Pulido y Tratamiento de Pisos"},"content":{"rendered":"\n<p>El brillado, pulido y tratamiento de pisos son procesos que se utilizan para<br>mejorar la apariencia, durabilidad y funcionalidad de los pisos en distintos tipos<br>de superficies. A continuaci\u00f3n, te explico cada uno:<\/p>\n\n\n\n<ol class=\"wp-block-list\">\n<li>Brillado de Pisos<br>El brillado es un proceso que se enfoca en darle a la superficie del piso un<br>acabado brillante, suave y liso. Este proceso no siempre implica la eliminaci\u00f3n<br>de imperfecciones profundas, pero s\u00ed da un acabado visual de alta luminosidad.<br>Se suele hacer con productos especializados, como cera o selladores, que<br>otorgan un brillo superficial a la superficie del piso.<\/li>\n<\/ol>\n\n\n\n<ol class=\"wp-block-list\">\n<li>Pulido de Pisos<br>El pulido es un proceso m\u00e1s profundo que el brillado, ya que implica la<br>eliminaci\u00f3n de imperfecciones y la mejora de la textura del piso. Generalmente,<br>se usa una m\u00e1quina rotativa con discos abrasivos que frotan la superficie para<br>alisar y suavizar el material. El pulido puede ser realizado en pisos de piedra,<br>cer\u00e1mica, concreto y otros materiales.<\/li>\n<\/ol>\n\n\n\n<ol class=\"wp-block-list\">\n<li>Tratamiento de Pisos<br>El tratamiento de pisos es un conjunto de procesos que incluyen el sellado, la<br>protecci\u00f3n y la restauraci\u00f3n de los pisos. Abarca diversas t\u00e9cnicas, como la<br>aplicaci\u00f3n de selladores, ceras y otros productos espec\u00edficos para proteger el<br>piso de la humedad, el desgaste y las manchas. Este proceso tambi\u00e9n puede<br>incluir la reparaci\u00f3n de grietas o la restauraci\u00f3n de pisos que han perdido su<br>apariencia original debido al paso del tiempo.<\/li>\n<\/ol>\n","protected":false},"excerpt":{"rendered":"<p>El brillado, pulido y tratamiento de pisos son procesos que se utilizan paramejorar la apariencia, durabilidad y funcionalidad de los pisos en distintos tiposde superficies.&hellip;<\/p>\n","protected":false},"author":2,"featured_media":1548,"parent":0,"menu_order":0,"comment_status":"closed","ping_status":"closed","template":"","meta":{"_themeisle_gutenberg_block_has_review":false,"footnotes":""},"class_list":["post-1544","page","type-page","status-publish","has-post-thumbnail","hentry"],"_links":{"self":[{"href":"https:\/\/arpetp.com.do\/index.php?rest_route=\/wp\/v2\/pages\/1544","targetHints":{"allow":["GET"]}}],"collection":[{"href":"https:\/\/arpetp.com.do\/index.php?rest_route=\/wp\/v2\/pages"}],"about":[{"href":"https:\/\/arpetp.com.do\/index.php?rest_route=\/wp\/v2\/types\/page"}],"author":[{"embeddable":true,"href":"https:\/\/arpetp.com.do\/index.php?rest_route=\/wp\/v2\/users\/2"}],"replies":[{"embeddable":true,"href":"https:\/\/arpetp.com.do\/index.php?rest_route=%2Fwp%2Fv2%2Fcomments&post=1544"}],"version-history":[{"count":2,"href":"https:\/\/arpetp.com.do\/index.php?rest_route=\/wp\/v2\/pages\/1544\/revisions"}],"predecessor-version":[{"id":1547,"href":"https:\/\/arpetp.com.do\/index.php?rest_route=\/wp\/v2\/pages\/1544\/revisions\/1547"}],"wp:featuredmedia":[{"embeddable":true,"href":"https:\/\/arpetp.com.do\/index.php?rest_route=\/wp\/v2\/media\/1548"}],"wp:attachment":[{"href":"https:\/\/arpetp.com.do\/index.php?rest_route=%2Fwp%2Fv2%2Fmedia&parent=1544"}],"curies":[{"name":"wp","href":"https:\/\/api.w.org\/{rel}","templated":true}]}}