{"id":1540,"date":"2025-05-04T04:12:15","date_gmt":"2025-05-04T04:12:15","guid":{"rendered":"https:\/\/arpetp.com.do\/?page_id=1540"},"modified":"2025-05-04T04:14:52","modified_gmt":"2025-05-04T04:14:52","slug":"pergolas-y-palillera","status":"publish","type":"page","link":"https:\/\/arpetp.com.do\/?page_id=1540","title":{"rendered":"P\u00e9rgolas y Palillera"},"content":{"rendered":"\n<p>P\u00e9rgolas: Una p\u00e9rgola es una estructura arquitect\u00f3nica exterior formada<br>por columnas o pilares que sostienen una serie de vigas horizontales. Las<br>p\u00e9rgolas se utilizan com\u00fanmente en jardines, patios o terrazas, ofreciendo<br>sombra parcial y un espacio agradable para el descanso o actividades al<br>aire libre. A menudo, las p\u00e9rgolas tienen un dise\u00f1o abierto o parcialmente<br>cubierto, lo que permite que la luz del sol se filtre, y algunas pueden tener<br>plantas trepadoras o enredaderas que decoran y dan m\u00e1s sombra.<br>Palillera: La palillera es una estructura o revestimiento de madera,<br>generalmente formada por palos o lamas de madera, que se utiliza en<br>diferentes aplicaciones, como en paredes, techos, o como cercados. Es<br>muy com\u00fan en la construcci\u00f3n de p\u00e9rgolas, y se usa tambi\u00e9n en la<br>creaci\u00f3n de cerramientos o divisores de espacios, tanto en interiores<br>como exteriores. En algunas aplicaciones, la palillera proporciona una<br>est\u00e9tica r\u00fastica o moderna, dependiendo de c\u00f3mo se trabaje el material y<br>el dise\u00f1o.<br>Ambas estructuras son populares en el dise\u00f1o de espacios exteriores por<br>su capacidad para integrar la naturaleza con la arquitectura de una forma<br>funcional y est\u00e9tica<\/p>\n","protected":false},"excerpt":{"rendered":"<p>P\u00e9rgolas: Una p\u00e9rgola es una estructura arquitect\u00f3nica exterior formadapor columnas o pilares que sostienen una serie de vigas horizontales. Lasp\u00e9rgolas se utilizan com\u00fanmente en jardines,&hellip;<\/p>\n","protected":false},"author":2,"featured_media":1542,"parent":0,"menu_order":0,"comment_status":"closed","ping_status":"closed","template":"","meta":{"_themeisle_gutenberg_block_has_review":false,"footnotes":""},"class_list":["post-1540","page","type-page","status-publish","has-post-thumbnail","hentry"],"_links":{"self":[{"href":"https:\/\/arpetp.com.do\/index.php?rest_route=\/wp\/v2\/pages\/1540","targetHints":{"allow":["GET"]}}],"collection":[{"href":"https:\/\/arpetp.com.do\/index.php?rest_route=\/wp\/v2\/pages"}],"about":[{"href":"https:\/\/arpetp.com.do\/index.php?rest_route=\/wp\/v2\/types\/page"}],"author":[{"embeddable":true,"href":"https:\/\/arpetp.com.do\/index.php?rest_route=\/wp\/v2\/users\/2"}],"replies":[{"embeddable":true,"href":"https:\/\/arpetp.com.do\/index.php?rest_route=%2Fwp%2Fv2%2Fcomments&post=1540"}],"version-history":[{"count":2,"href":"https:\/\/arpetp.com.do\/index.php?rest_route=\/wp\/v2\/pages\/1540\/revisions"}],"predecessor-version":[{"id":1543,"href":"https:\/\/arpetp.com.do\/index.php?rest_route=\/wp\/v2\/pages\/1540\/revisions\/1543"}],"wp:featuredmedia":[{"embeddable":true,"href":"https:\/\/arpetp.com.do\/index.php?rest_route=\/wp\/v2\/media\/1542"}],"wp:attachment":[{"href":"https:\/\/arpetp.com.do\/index.php?rest_route=%2Fwp%2Fv2%2Fmedia&parent=1540"}],"curies":[{"name":"wp","href":"https:\/\/api.w.org\/{rel}","templated":true}]}}