{"id":1535,"date":"2025-05-04T04:08:52","date_gmt":"2025-05-04T04:08:52","guid":{"rendered":"https:\/\/arpetp.com.do\/?page_id=1535"},"modified":"2025-05-04T04:12:06","modified_gmt":"2025-05-04T04:12:06","slug":"fachadas-y-acabados-en-materiales-modernos","status":"publish","type":"page","link":"https:\/\/arpetp.com.do\/?page_id=1535","title":{"rendered":"Fachadas y Acabados en Materiales Modernos"},"content":{"rendered":"\n<p>&#8220;Fachadas y Acabados con Materiales Modernos&#8221; se refiere a la aplicaci\u00f3n de<br>materiales innovadores y de \u00faltima generaci\u00f3n en la construcci\u00f3n de las<br>fachadas de edificios y en los detalles de los acabados interiores y exteriores.<br>Estos materiales no solo buscan mejorar la est\u00e9tica del dise\u00f1o arquitect\u00f3nico,<br>sino tambi\u00e9n aportar ventajas funcionales, como durabilidad, sostenibilidad y<br>eficiencia energ\u00e9tica.<br>Las fachadas son la &#8220;cara&#8221; de un edificio, y su dise\u00f1o con materiales modernos<br>puede incluir opciones como:<\/p>\n\n\n\n<ol class=\"wp-block-list\">\n<li>Vidrio y paneles de vidrio arquitect\u00f3nico: Proporcionan un look limpio,<br>luminoso y contempor\u00e1neo. El uso de vidrio de alto rendimiento mejora la<br>eficiencia energ\u00e9tica y permite la integraci\u00f3n con el entorno.<\/li>\n\n\n\n<li>Acero y aluminio: Materiales duraderos, ligeros y resistentes. Se usan<br>frecuentemente en edificios comerciales y residenciales por su capacidad<br>de moldearse en formas modernas y estilizadas.<\/li>\n<\/ol>\n","protected":false},"excerpt":{"rendered":"<p>&#8220;Fachadas y Acabados con Materiales Modernos&#8221; se refiere a la aplicaci\u00f3n demateriales innovadores y de \u00faltima generaci\u00f3n en la construcci\u00f3n de lasfachadas de edificios y&hellip;<\/p>\n","protected":false},"author":2,"featured_media":1537,"parent":0,"menu_order":0,"comment_status":"closed","ping_status":"closed","template":"","meta":{"_themeisle_gutenberg_block_has_review":false,"footnotes":""},"class_list":["post-1535","page","type-page","status-publish","has-post-thumbnail","hentry"],"_links":{"self":[{"href":"https:\/\/arpetp.com.do\/index.php?rest_route=\/wp\/v2\/pages\/1535","targetHints":{"allow":["GET"]}}],"collection":[{"href":"https:\/\/arpetp.com.do\/index.php?rest_route=\/wp\/v2\/pages"}],"about":[{"href":"https:\/\/arpetp.com.do\/index.php?rest_route=\/wp\/v2\/types\/page"}],"author":[{"embeddable":true,"href":"https:\/\/arpetp.com.do\/index.php?rest_route=\/wp\/v2\/users\/2"}],"replies":[{"embeddable":true,"href":"https:\/\/arpetp.com.do\/index.php?rest_route=%2Fwp%2Fv2%2Fcomments&post=1535"}],"version-history":[{"count":2,"href":"https:\/\/arpetp.com.do\/index.php?rest_route=\/wp\/v2\/pages\/1535\/revisions"}],"predecessor-version":[{"id":1539,"href":"https:\/\/arpetp.com.do\/index.php?rest_route=\/wp\/v2\/pages\/1535\/revisions\/1539"}],"wp:featuredmedia":[{"embeddable":true,"href":"https:\/\/arpetp.com.do\/index.php?rest_route=\/wp\/v2\/media\/1537"}],"wp:attachment":[{"href":"https:\/\/arpetp.com.do\/index.php?rest_route=%2Fwp%2Fv2%2Fmedia&parent=1535"}],"curies":[{"name":"wp","href":"https:\/\/api.w.org\/{rel}","templated":true}]}}