{"id":1527,"date":"2025-05-04T03:51:26","date_gmt":"2025-05-04T03:51:26","guid":{"rendered":"https:\/\/arpetp.com.do\/?page_id=1527"},"modified":"2025-05-04T04:25:17","modified_gmt":"2025-05-04T04:25:17","slug":"terminaciones-de-proyectos","status":"publish","type":"page","link":"https:\/\/arpetp.com.do\/?page_id=1527","title":{"rendered":"Terminaciones de Proyectos"},"content":{"rendered":"\n<p>terminaciones de Proyectos se refiere al conjunto de trabajos finales que se<br>realizan en una obra o proyecto (generalmente de construcci\u00f3n o remodelaci\u00f3n)<br>para dejarlo listo para su uso.<br>Incluye todas las actividades que ocurren despu\u00e9s de la estructura b\u00e1sica:<br>acabados, detalles, inspecciones y ajustes finales. Algunos ejemplos t\u00edpicos de<br>terminaciones son:<\/p>\n\n\n\n<ul class=\"wp-block-list\">\n<li>Instalaci\u00f3n de pisos (cer\u00e1mica, madera, alfombra, etc.)<\/li>\n\n\n\n<li>Pintura de muros, techos y fachadas<\/li>\n\n\n\n<li>Colocaci\u00f3n de puertas, ventanas y vidrios<\/li>\n\n\n\n<li>Montaje de muebles fijos (closets, cocinas)<\/li>\n\n\n\n<li>Instalaciones finales de electricidad, gas, agua y climatizaci\u00f3n<\/li>\n\n\n\n<li>Detalles decorativos (molduras, z\u00f3calos, revestimientos especiales)<\/li>\n\n\n\n<li>Revisi\u00f3n y reparaci\u00f3n de defectos menores (ajustes, limpieza de obra,<br>retoques)<\/li>\n<\/ul>\n","protected":false},"excerpt":{"rendered":"<p>terminaciones de Proyectos se refiere al conjunto de trabajos finales que serealizan en una obra o proyecto (generalmente de construcci\u00f3n o remodelaci\u00f3n)para dejarlo listo para&hellip;<\/p>\n","protected":false},"author":2,"featured_media":1529,"parent":0,"menu_order":0,"comment_status":"closed","ping_status":"closed","template":"","meta":{"_themeisle_gutenberg_block_has_review":false,"footnotes":""},"class_list":["post-1527","page","type-page","status-publish","has-post-thumbnail","hentry"],"_links":{"self":[{"href":"https:\/\/arpetp.com.do\/index.php?rest_route=\/wp\/v2\/pages\/1527","targetHints":{"allow":["GET"]}}],"collection":[{"href":"https:\/\/arpetp.com.do\/index.php?rest_route=\/wp\/v2\/pages"}],"about":[{"href":"https:\/\/arpetp.com.do\/index.php?rest_route=\/wp\/v2\/types\/page"}],"author":[{"embeddable":true,"href":"https:\/\/arpetp.com.do\/index.php?rest_route=\/wp\/v2\/users\/2"}],"replies":[{"embeddable":true,"href":"https:\/\/arpetp.com.do\/index.php?rest_route=%2Fwp%2Fv2%2Fcomments&post=1527"}],"version-history":[{"count":2,"href":"https:\/\/arpetp.com.do\/index.php?rest_route=\/wp\/v2\/pages\/1527\/revisions"}],"predecessor-version":[{"id":1530,"href":"https:\/\/arpetp.com.do\/index.php?rest_route=\/wp\/v2\/pages\/1527\/revisions\/1530"}],"wp:featuredmedia":[{"embeddable":true,"href":"https:\/\/arpetp.com.do\/index.php?rest_route=\/wp\/v2\/media\/1529"}],"wp:attachment":[{"href":"https:\/\/arpetp.com.do\/index.php?rest_route=%2Fwp%2Fv2%2Fmedia&parent=1527"}],"curies":[{"name":"wp","href":"https:\/\/api.w.org\/{rel}","templated":true}]}}