{"id":1511,"date":"2025-05-04T03:34:21","date_gmt":"2025-05-04T03:34:21","guid":{"rendered":"https:\/\/arpetp.com.do\/?page_id=1511"},"modified":"2025-05-04T03:36:48","modified_gmt":"2025-05-04T03:36:48","slug":"asfaltado-de-carreteras-calles-y-parqueos","status":"publish","type":"page","link":"https:\/\/arpetp.com.do\/?page_id=1511","title":{"rendered":"Asfaltado de Carreteras, Calles y Parqueos"},"content":{"rendered":"\n<p>El asfaltado es el proceso de recubrimiento de superficies, como<br>carreteras, calles y parqueos, con una mezcla de materiales<br>bituminosos (asfalto) y \u00e1ridos (grava, arena, piedra triturada). Su<br>prop\u00f3sito principal es crear una superficie lisa, resistente,<br>impermeable y duradera que soporte el tr\u00e1fico vehicular y peatonal.<br>Este proceso incluye varias etapas, como la preparaci\u00f3n de la base,<br>la aplicaci\u00f3n de capas de asfalto, y el compactado para asegurar<br>una terminaci\u00f3n firme y uniforme. El asfaltado mejora la seguridad,<br>el confort de circulaci\u00f3n y prolonga la vida \u00fatil de las v\u00edas y \u00e1reas de<br>estacionamiento.<\/p>\n","protected":false},"excerpt":{"rendered":"<p>El asfaltado es el proceso de recubrimiento de superficies, comocarreteras, calles y parqueos, con una mezcla de materialesbituminosos (asfalto) y \u00e1ridos (grava, arena, piedra triturada).&hellip;<\/p>\n","protected":false},"author":2,"featured_media":1515,"parent":0,"menu_order":0,"comment_status":"closed","ping_status":"closed","template":"","meta":{"_themeisle_gutenberg_block_has_review":false,"footnotes":""},"class_list":["post-1511","page","type-page","status-publish","has-post-thumbnail","hentry"],"_links":{"self":[{"href":"https:\/\/arpetp.com.do\/index.php?rest_route=\/wp\/v2\/pages\/1511","targetHints":{"allow":["GET"]}}],"collection":[{"href":"https:\/\/arpetp.com.do\/index.php?rest_route=\/wp\/v2\/pages"}],"about":[{"href":"https:\/\/arpetp.com.do\/index.php?rest_route=\/wp\/v2\/types\/page"}],"author":[{"embeddable":true,"href":"https:\/\/arpetp.com.do\/index.php?rest_route=\/wp\/v2\/users\/2"}],"replies":[{"embeddable":true,"href":"https:\/\/arpetp.com.do\/index.php?rest_route=%2Fwp%2Fv2%2Fcomments&post=1511"}],"version-history":[{"count":3,"href":"https:\/\/arpetp.com.do\/index.php?rest_route=\/wp\/v2\/pages\/1511\/revisions"}],"predecessor-version":[{"id":1518,"href":"https:\/\/arpetp.com.do\/index.php?rest_route=\/wp\/v2\/pages\/1511\/revisions\/1518"}],"wp:featuredmedia":[{"embeddable":true,"href":"https:\/\/arpetp.com.do\/index.php?rest_route=\/wp\/v2\/media\/1515"}],"wp:attachment":[{"href":"https:\/\/arpetp.com.do\/index.php?rest_route=%2Fwp%2Fv2%2Fmedia&parent=1511"}],"curies":[{"name":"wp","href":"https:\/\/api.w.org\/{rel}","templated":true}]}}