{"id":126,"date":"2018-02-27T07:51:08","date_gmt":"2018-02-27T07:51:08","guid":{"rendered":"http:\/\/offshorethemes.com\/demo\/sparkconstruction\/?page_id=126"},"modified":"2025-05-02T19:12:10","modified_gmt":"2025-05-02T19:12:10","slug":"electrical-wiring","status":"publish","type":"page","link":"https:\/\/arpetp.com.do\/?page_id=126","title":{"rendered":"Construcci\u00f3n de Edificaciones de hormig\u00f3n, estructurasMet\u00e1licas y Estructuras mixtas."},"content":{"rendered":"\n<p><strong>Construcci\u00f3n de Edificaciones de Hormig\u00f3n:<\/strong><br>Es el proceso de construir edificios cuya estructura principal (cimientos,<br>columnas, vigas, losas) est\u00e1 hecha de hormig\u00f3n armado (una mezcla de<br>cemento, agua, arena y piedra, reforzada con barras de acero).<br>El hormig\u00f3n es muy utilizado por su resistencia a la compresi\u00f3n, durabilidad y<br>adaptabilidad a distintas formas. Se usa en viviendas, edificios comerciales,<br>puentes, hospitales, etc.<\/p>\n\n\n\n<p><strong>Construcci\u00f3n de Estructuras Met\u00e1licas:<\/strong><br>Se refiere a edificaciones donde la estructura principal est\u00e1 compuesta de<br>elementos de acero (como vigas, columnas y cerchas). Estas piezas se<br>fabrican previamente (prefabricadas) y luego se ensamblan en obra.<\/p>\n\n\n\n<p><strong>Construcci\u00f3n de Estructuras Mixtas:<\/strong><br>En este caso, se combinan hormig\u00f3n y acero para aprovechar las ventajas de<br>ambos materiales.<br>Ejemplo t\u00edpico: columnas de acero rellenas de hormig\u00f3n, losas de hormig\u00f3n<br>apoyadas en vigas de acero<\/p>\n\n\n\n<p><\/p>\n","protected":false},"excerpt":{"rendered":"<p>Construcci\u00f3n de Edificaciones de Hormig\u00f3n:Es el proceso de construir edificios cuya estructura principal (cimientos,columnas, vigas, losas) est\u00e1 hecha de hormig\u00f3n armado (una mezcla decemento, agua,&hellip;<\/p>\n","protected":false},"author":2,"featured_media":1478,"parent":0,"menu_order":0,"comment_status":"closed","ping_status":"closed","template":"","meta":{"_themeisle_gutenberg_block_has_review":false,"footnotes":""},"class_list":["post-126","page","type-page","status-publish","has-post-thumbnail","hentry"],"_links":{"self":[{"href":"https:\/\/arpetp.com.do\/index.php?rest_route=\/wp\/v2\/pages\/126","targetHints":{"allow":["GET"]}}],"collection":[{"href":"https:\/\/arpetp.com.do\/index.php?rest_route=\/wp\/v2\/pages"}],"about":[{"href":"https:\/\/arpetp.com.do\/index.php?rest_route=\/wp\/v2\/types\/page"}],"author":[{"embeddable":true,"href":"https:\/\/arpetp.com.do\/index.php?rest_route=\/wp\/v2\/users\/2"}],"replies":[{"embeddable":true,"href":"https:\/\/arpetp.com.do\/index.php?rest_route=%2Fwp%2Fv2%2Fcomments&post=126"}],"version-history":[{"count":1,"href":"https:\/\/arpetp.com.do\/index.php?rest_route=\/wp\/v2\/pages\/126\/revisions"}],"predecessor-version":[{"id":1479,"href":"https:\/\/arpetp.com.do\/index.php?rest_route=\/wp\/v2\/pages\/126\/revisions\/1479"}],"wp:featuredmedia":[{"embeddable":true,"href":"https:\/\/arpetp.com.do\/index.php?rest_route=\/wp\/v2\/media\/1478"}],"wp:attachment":[{"href":"https:\/\/arpetp.com.do\/index.php?rest_route=%2Fwp%2Fv2%2Fmedia&parent=126"}],"curies":[{"name":"wp","href":"https:\/\/api.w.org\/{rel}","templated":true}]}}